{"id":9037,"date":"2023-04-12T14:36:46","date_gmt":"2023-04-12T19:36:46","guid":{"rendered":"https:\/\/hosteriaeternaprimavera.com\/?post_type=product&#038;p=9037"},"modified":"2023-04-17T16:06:37","modified_gmt":"2023-04-17T21:06:37","slug":"2-dias-una-noche","status":"publish","type":"product","link":"https:\/\/hosteriaeternaprimavera.com\/es_mx\/producto\/2-dias-una-noche\/","title":{"rendered":"2 D\u00cdAS 1 NOCHE"},"content":{"rendered":"<p><strong>PAQUETE INCLUYE:<\/strong><\/p>\n<ul>\n<li>1 noche de hospedaje en la Hoster\u00eda ETERNA PRIMAVERA, Huigra, sur de la provincia de Chimborazo.<\/li>\n<li>Alimentaci\u00f3n completa (1 desayuno + 1 almuerzo + 1 cena).<\/li>\n<li>Uso de las Instalaciones: piscina, cancha de futbol, \u00e1rea de hamacas y recreaci\u00f3n -m\u00fasica, karaoke, juegos,<br \/>\nparrilla-, amplios jardines para actividades recreativas al AIRE LIBRE, senderos por el bosque privado de<br \/>\nEucaliptos, miradores para contemplar hermosos atardeceres y paisajes de la regi\u00f3n andina<\/li>\n<\/ul>\n<p><strong>IMPORTANTE:<\/strong><br \/>\nTarifas en habitaciones matrimoniales\/dobles, triples, cu\u00e1druples y qu\u00edntuples.<br \/>\nSuplemento de $20 por noche en habitaci\u00f3n individual (1 persona).<br \/>\nInfantes hasta 2 a\u00f1os no pagan. Valor de cama extra en habitaci\u00f3n de los padres $15 por noche.<br \/>\n*Bloque PB: planta baja. Son las habitaciones m\u00e1s cercanas a las \u00e1reas comunes.<br \/>\nBloque Monta\u00f1a: \u00faltimo bloque construido. Habitaciones m\u00e1s modernas y confortables, adem\u00e1s de la hermosa<br \/>\nvista desde la monta\u00f1a.<br \/>\nNo aplica en feriados. Consultar.<br \/>\nAplica descorche de bebidas alcoh\u00f3licas. Consultar<\/p>\n<p><a href=\"https:\/\/drive.google.com\/file\/d\/1UeDXORYjIC4RdgQPjBBEChx_uQwWWtYD\/view?usp=share_link\" target=\"_blank\" rel=\"noopener\">PAQUETE COMPLETO EN PDF<\/a><\/p>","protected":false},"excerpt":{"rendered":"<p><a href=\"https:\/\/drive.google.com\/file\/d\/1UeDXORYjIC4RdgQPjBBEChx_uQwWWtYD\/view?usp=share_link\" target=\"_blank\" rel=\"noopener\">PAQUETE COMPLETO EN PDF<\/a><\/p>\n<p>&nbsp;<\/p>","protected":false},"featured_media":9038,"template":"","meta":[],"product_brand":[],"product_cat":[43],"product_tag":[],"class_list":{"0":"post-9037","1":"product","2":"type-product","3":"status-publish","4":"has-post-thumbnail","6":"product_cat-paquetes-turisticos","8":"first","9":"instock","10":"sale","11":"taxable","12":"shipping-taxable","13":"purchasable","14":"product-type-simple"},"_links":{"self":[{"href":"https:\/\/hosteriaeternaprimavera.com\/es_mx\/wp-json\/wp\/v2\/product\/9037","targetHints":{"allow":["GET"]}}],"collection":[{"href":"https:\/\/hosteriaeternaprimavera.com\/es_mx\/wp-json\/wp\/v2\/product"}],"about":[{"href":"https:\/\/hosteriaeternaprimavera.com\/es_mx\/wp-json\/wp\/v2\/types\/product"}],"wp:featuredmedia":[{"embeddable":true,"href":"https:\/\/hosteriaeternaprimavera.com\/es_mx\/wp-json\/wp\/v2\/media\/9038"}],"wp:attachment":[{"href":"https:\/\/hosteriaeternaprimavera.com\/es_mx\/wp-json\/wp\/v2\/media?parent=9037"}],"wp:term":[{"taxonomy":"product_brand","embeddable":true,"href":"https:\/\/hosteriaeternaprimavera.com\/es_mx\/wp-json\/wp\/v2\/product_brand?post=9037"},{"taxonomy":"product_cat","embeddable":true,"href":"https:\/\/hosteriaeternaprimavera.com\/es_mx\/wp-json\/wp\/v2\/product_cat?post=9037"},{"taxonomy":"product_tag","embeddable":true,"href":"https:\/\/hosteriaeternaprimavera.com\/es_mx\/wp-json\/wp\/v2\/product_tag?post=9037"}],"curies":[{"name":"wp","href":"https:\/\/api.w.org\/{rel}","templated":true}]}}